{"id":1321,"date":"2022-04-05T18:21:23","date_gmt":"2022-04-05T21:21:23","guid":{"rendered":"https:\/\/modelo3.quick.dev.br\/carrinho\/"},"modified":"2024-03-27T18:11:35","modified_gmt":"2024-03-27T21:11:35","slug":"carrinho","status":"publish","type":"page","link":"https:\/\/technosim.ind.br\/loja\/carrinho\/","title":{"rendered":"Carrinho"},"content":{"rendered":"\t\t<div data-elementor-type=\"wp-page\" data-elementor-id=\"1321\" class=\"elementor elementor-1321\" data-elementor-post-type=\"page\">\n\t\t\t\t<div class=\"elementor-element elementor-element-52efd6c e-flex e-con-boxed e-con e-parent\" data-id=\"52efd6c\" data-element_type=\"container\" data-e-type=\"container\" data-settings=\"{&quot;jet_parallax_layout_list&quot;:[{&quot;_id&quot;:&quot;362e404&quot;,&quot;jet_parallax_layout_image&quot;:{&quot;url&quot;:&quot;&quot;,&quot;id&quot;:&quot;&quot;,&quot;size&quot;:&quot;&quot;},&quot;jet_parallax_layout_image_tablet&quot;:{&quot;url&quot;:&quot;&quot;,&quot;id&quot;:&quot;&quot;,&quot;size&quot;:&quot;&quot;},&quot;jet_parallax_layout_image_mobile&quot;:{&quot;url&quot;:&quot;&quot;,&quot;id&quot;:&quot;&quot;,&quot;size&quot;:&quot;&quot;},&quot;jet_parallax_layout_speed&quot;:{&quot;unit&quot;:&quot;%&quot;,&quot;size&quot;:50,&quot;sizes&quot;:[]},&quot;jet_parallax_layout_type&quot;:&quot;scroll&quot;,&quot;jet_parallax_layout_direction&quot;:null,&quot;jet_parallax_layout_fx_direction&quot;:null,&quot;jet_parallax_layout_z_index&quot;:&quot;&quot;,&quot;jet_parallax_layout_bg_x&quot;:50,&quot;jet_parallax_layout_bg_x_tablet&quot;:&quot;&quot;,&quot;jet_parallax_layout_bg_x_mobile&quot;:&quot;&quot;,&quot;jet_parallax_layout_bg_y&quot;:50,&quot;jet_parallax_layout_bg_y_tablet&quot;:&quot;&quot;,&quot;jet_parallax_layout_bg_y_mobile&quot;:&quot;&quot;,&quot;jet_parallax_layout_bg_size&quot;:&quot;auto&quot;,&quot;jet_parallax_layout_bg_size_tablet&quot;:&quot;&quot;,&quot;jet_parallax_layout_bg_size_mobile&quot;:&quot;&quot;,&quot;jet_parallax_layout_animation_prop&quot;:&quot;transform&quot;,&quot;jet_parallax_layout_on&quot;:[&quot;desktop&quot;,&quot;tablet&quot;]}]}\">\n\t\t\t\t\t<div class=\"e-con-inner\">\n\t\t\t\t\t<\/div>\n\t\t\t\t<\/div>\n\t\t\t\t<\/div>\n\t\t","protected":false},"excerpt":{"rendered":"<p>Remover item Imagem de miniatura Produto Pre\u00e7o Quantidade Subtotal &times; Carteira 6 &#8211; Azul, P &#82;&#36;230,00 Carteira 6 &#8211; Azul, P quantidade &#82;&#36;230,00 Aplicar cupom Total Subtotal &#82;&#36;230,00 Entrega Retirada na Empresa (Dispon\u00edvel em 1 dias \u00fateis) Frete gr\u00e1tis Entrega para Avenida dos Engenheiros, 202, Belo Horizonte, Minas Gerais, 30840-492. Mudar endere\u00e7o C\u00f3digo postal \/ [&hellip;]<\/p>\n","protected":false},"author":1,"featured_media":0,"parent":0,"menu_order":0,"comment_status":"closed","ping_status":"closed","template":"elementor_header_footer","meta":{"footnotes":""},"class_list":["post-1321","page","type-page","status-publish","hentry"],"_links":{"self":[{"href":"https:\/\/technosim.ind.br\/loja\/wp-json\/wp\/v2\/pages\/1321","targetHints":{"allow":["GET"]}}],"collection":[{"href":"https:\/\/technosim.ind.br\/loja\/wp-json\/wp\/v2\/pages"}],"about":[{"href":"https:\/\/technosim.ind.br\/loja\/wp-json\/wp\/v2\/types\/page"}],"author":[{"embeddable":true,"href":"https:\/\/technosim.ind.br\/loja\/wp-json\/wp\/v2\/users\/1"}],"replies":[{"embeddable":true,"href":"https:\/\/technosim.ind.br\/loja\/wp-json\/wp\/v2\/comments?post=1321"}],"version-history":[{"count":36,"href":"https:\/\/technosim.ind.br\/loja\/wp-json\/wp\/v2\/pages\/1321\/revisions"}],"predecessor-version":[{"id":4314,"href":"https:\/\/technosim.ind.br\/loja\/wp-json\/wp\/v2\/pages\/1321\/revisions\/4314"}],"wp:attachment":[{"href":"https:\/\/technosim.ind.br\/loja\/wp-json\/wp\/v2\/media?parent=1321"}],"curies":[{"name":"wp","href":"https:\/\/api.w.org\/{rel}","templated":true}]}}