{"id":1325,"date":"2022-04-05T18:21:24","date_gmt":"2022-04-05T21:21:24","guid":{"rendered":"https:\/\/modelo3.quick.dev.br\/politica-de-devolucao\/"},"modified":"2022-09-14T18:42:42","modified_gmt":"2022-09-14T21:42:42","slug":"politica-de-devolucao","status":"publish","type":"page","link":"https:\/\/technosim.ind.br\/loja\/politica-de-devolucao\/","title":{"rendered":"Pol\u00edtica de devolu\u00e7\u00e3o"},"content":{"rendered":"\t\t<div data-elementor-type=\"wp-page\" data-elementor-id=\"1325\" class=\"elementor elementor-1325\" data-elementor-post-type=\"page\">\n\t\t\t\t\t\t<section class=\"elementor-section elementor-top-section elementor-element elementor-element-3d2a4872 elementor-section-full_width elementor-section-height-default elementor-section-height-default\" data-id=\"3d2a4872\" data-element_type=\"section\" data-e-type=\"section\" data-settings=\"{&quot;jet_parallax_layout_list&quot;:[{&quot;_id&quot;:&quot;e2475cb&quot;,&quot;jet_parallax_layout_image&quot;:{&quot;url&quot;:&quot;&quot;,&quot;id&quot;:&quot;&quot;,&quot;size&quot;:&quot;&quot;},&quot;jet_parallax_layout_image_tablet&quot;:{&quot;url&quot;:&quot;&quot;,&quot;id&quot;:&quot;&quot;,&quot;size&quot;:&quot;&quot;},&quot;jet_parallax_layout_image_mobile&quot;:{&quot;url&quot;:&quot;&quot;,&quot;id&quot;:&quot;&quot;,&quot;size&quot;:&quot;&quot;},&quot;jet_parallax_layout_speed&quot;:{&quot;unit&quot;:&quot;%&quot;,&quot;size&quot;:50,&quot;sizes&quot;:[]},&quot;jet_parallax_layout_type&quot;:&quot;scroll&quot;,&quot;jet_parallax_layout_direction&quot;:null,&quot;jet_parallax_layout_fx_direction&quot;:null,&quot;jet_parallax_layout_z_index&quot;:&quot;&quot;,&quot;jet_parallax_layout_bg_x&quot;:50,&quot;jet_parallax_layout_bg_x_tablet&quot;:&quot;&quot;,&quot;jet_parallax_layout_bg_x_mobile&quot;:&quot;&quot;,&quot;jet_parallax_layout_bg_y&quot;:50,&quot;jet_parallax_layout_bg_y_tablet&quot;:&quot;&quot;,&quot;jet_parallax_layout_bg_y_mobile&quot;:&quot;&quot;,&quot;jet_parallax_layout_bg_size&quot;:&quot;auto&quot;,&quot;jet_parallax_layout_bg_size_tablet&quot;:&quot;&quot;,&quot;jet_parallax_layout_bg_size_mobile&quot;:&quot;&quot;,&quot;jet_parallax_layout_animation_prop&quot;:&quot;transform&quot;,&quot;jet_parallax_layout_on&quot;:[&quot;desktop&quot;,&quot;tablet&quot;]}]}\">\n\t\t\t\t\t\t<div class=\"elementor-container elementor-column-gap-default\">\n\t\t\t\t\t<div class=\"elementor-column elementor-col-100 elementor-top-column elementor-element elementor-element-6e4d087b\" data-id=\"6e4d087b\" data-element_type=\"column\" data-e-type=\"column\">\n\t\t\t<div class=\"elementor-widget-wrap elementor-element-populated\">\n\t\t\t\t\t\t<div class=\"elementor-element elementor-element-561f08cc elementor-widget elementor-widget-theme-post-title elementor-page-title elementor-widget-heading\" data-id=\"561f08cc\" data-element_type=\"widget\" data-e-type=\"widget\" data-widget_type=\"theme-post-title.default\">\n\t\t\t\t<div class=\"elementor-widget-container\">\n\t\t\t\t\t<h1 class=\"elementor-heading-title elementor-size-default\">Pol\u00edtica de devolu\u00e7\u00e3o<\/h1>\t\t\t\t<\/div>\n\t\t\t\t<\/div>\n\t\t\t\t<div class=\"elementor-element elementor-element-605cee9d elementor-widget elementor-widget-text-editor\" data-id=\"605cee9d\" data-element_type=\"widget\" data-e-type=\"widget\" data-widget_type=\"text-editor.default\">\n\t\t\t\t<div class=\"elementor-widget-container\">\n\t\t\t\t\t\t\t\t\t<p>Nossa pol\u00edtica de devolu\u00e7\u00e3o \u00e9 de 7 dias ap\u00f3s a entrega. Passados os 7 dias da entrega, infelizmente n\u00e3o \u00e9 poss\u00edvel solicitar reembolso ou troca.<\/p>\n<p>Para poder efetuar a devolu\u00e7\u00e3o, o produto n\u00e3o pode ter sido usado e deve estar nas mesmas condi\u00e7\u00f5es em que voc\u00ea o recebeu. Ele tamb\u00e9m deve estar na embalagem original.<\/p>\n<p>V\u00e1rios tipos de mercadorias est\u00e3o isentos de devolu\u00e7\u00e3o. Produtos perec\u00edveis, tais como alimentos, flores, jornais ou revistas n\u00e3o podem ser devolvidos. N\u00f3s tamb\u00e9m n\u00e3o aceitamos produtos \u00edntimos ou sanit\u00e1rios, materiais perigosos, l\u00edquidos ou gases inflam\u00e1veis.<\/p>\n<p>Itens adicionais que n\u00e3o podem ser devolvidos:<br \/>\n* Cart\u00f5es-presente<br \/>\n* Produtos de software para download<br \/>\n* Alguns itens de higiene pessoal e de sa\u00fade<\/p>\n<p>Para efetuar a devolu\u00e7\u00e3o, apresente o comprovante ou comprovante de compra.<\/p>\n<p>Por favor, n\u00e3o envie sua compra de volta ao fabricante.<\/p>\n<p>Em certos casos, ser\u00e3o emitidos apenas reembolsos parciais (quando aplic\u00e1vel):<br \/>\n* Livros com sinais \u00f3bvios de uso<br \/>\n* CDs, DVDs, fitas VHS, software, videogames, fitas cassete ou discos de vinil que tenham sido abertos.<br \/>\n* Qualquer produto que n\u00e3o esteja em sua condi\u00e7\u00e3o original, que esteja danificado ou com partes faltando, n\u00e3o sendo devido a qualquer erro de nossa parte.<br \/>\n* Qualquer produto que for devolvido mais de 7 dias ap\u00f3s a entrega<\/p>\n<h5>Reembolsos (quando aplic\u00e1vel)<\/h5>\n<p>Uma vez que o produto para devolu\u00e7\u00e3o for recebido e verificado, enviaremos um e-mail para notific\u00e1-lo que recebemos sua mercadoria para devolu\u00e7\u00e3o. Tamb\u00e9m vamos notific\u00e1-lo sobre a aprova\u00e7\u00e3o ou rejei\u00e7\u00e3o do seu reembolso.<br \/>\nCaso seja aprovado, o seu reembolso ser\u00e1 processado. Emitiremos o cr\u00e9dito automaticamente no seu cart\u00e3o de cr\u00e9dito ou m\u00e9todo de pagamento da compra em alguns dias.<\/p>\n<h5>Reembolso atrasado ou n\u00e3o recebido (quando aplic\u00e1vel)<\/h5>\n<p>Se voc\u00ea ainda n\u00e3o recebeu o reembolso, verifique sua conta banc\u00e1ria novamente.<br \/>\nEm seguida, entre em contato com sua operadora de cart\u00e3o de cr\u00e9dito, j\u00e1 que pode demorar algum tempo at\u00e9 o reembolso ser lan\u00e7ado.<br \/>\nDepois entre em contato com o seu banco. Em geral, h\u00e1 um tempo processamento antes do lan\u00e7amento de um reembolso.<br \/>\nSe voc\u00ea j\u00e1 fez tudo isso e ainda n\u00e3o recebeu o reembolso, por favor, entre em contato conosco.<\/p>\n<h5>Mercadorias em oferta (quando aplic\u00e1vel)<\/h5>\n<p>Voc\u00ea s\u00f3 pode pedir o reembolso de produtos com pre\u00e7o normal. Infelizmente, n\u00e3o \u00e9 poss\u00edvel solicitar reembolso de mercadorias em oferta.<\/p>\n<h5>Trocas (quando aplic\u00e1vel)<\/h5>\n<p>S\u00f3 trocamos produtos que vierem com defeito ou danificados. Se voc\u00ea precisar trocar um item pelo mesmo produto, entre em contato conosco.<\/p>\n<h5>Presentes<\/h5>\n<p>Se o produto foi marcado como presente durante a compra e foi enviado diretamente para voc\u00ea, voc\u00ea receber\u00e1 um vale-presente com o mesmo valor da compra. Voc\u00ea receber\u00e1 um vale-presente pelo correio quando recebermos o produto devolvido.<\/p>\n<p>Se o produto n\u00e3o foi marcado como presente durante a compra, ou caso quem o presenteou enviou o produto para si mesmo para entreg\u00e1-lo pessoalmente, enviaremos um reembolso a quem deu o presente. Essa pessoa vai saber que voc\u00ea solicitou a devolu\u00e7\u00e3o.<\/p>\n<h5>Frete<\/h5>\n<p>Para fazer a devolu\u00e7\u00e3o do produto, voc\u00ea deve envi\u00e1-lo para o endere\u00e7o informado pela nossa equipe de atendimento.<\/p>\n<p>Voc\u00ea ser\u00e1 respons\u00e1vel pelo pagamento do frete para devolver o produto. N\u00e3o reembolsamos o frete. Se voc\u00ea receber um reembolso, o custo do frete de devolu\u00e7\u00e3o ser\u00e1 deduzido do seu reembolso.<\/p>\n<p>Dependendo de onde voc\u00ea mora, o tempo de frete de devolu\u00e7\u00e3o pode variar.<\/p>\n<p>Se voc\u00ea vai enviar um produto acima de R$75, considere contratar um servi\u00e7o de frete com rastreamento ou seguro. N\u00e3o podemos garantir o recebimento do produto devolvido.<\/p>\n\t\t\t\t\t\t\t\t<\/div>\n\t\t\t\t<\/div>\n\t\t\t\t\t<\/div>\n\t\t<\/div>\n\t\t\t\t\t<\/div>\n\t\t<\/section>\n\t\t\t\t<\/div>\n\t\t","protected":false},"excerpt":{"rendered":"","protected":false},"author":1,"featured_media":0,"parent":0,"menu_order":0,"comment_status":"closed","ping_status":"closed","template":"","meta":{"footnotes":""},"class_list":["post-1325","page","type-page","status-publish","hentry"],"_links":{"self":[{"href":"https:\/\/technosim.ind.br\/loja\/wp-json\/wp\/v2\/pages\/1325","targetHints":{"allow":["GET"]}}],"collection":[{"href":"https:\/\/technosim.ind.br\/loja\/wp-json\/wp\/v2\/pages"}],"about":[{"href":"https:\/\/technosim.ind.br\/loja\/wp-json\/wp\/v2\/types\/page"}],"author":[{"embeddable":true,"href":"https:\/\/technosim.ind.br\/loja\/wp-json\/wp\/v2\/users\/1"}],"replies":[{"embeddable":true,"href":"https:\/\/technosim.ind.br\/loja\/wp-json\/wp\/v2\/comments?post=1325"}],"version-history":[{"count":0,"href":"https:\/\/technosim.ind.br\/loja\/wp-json\/wp\/v2\/pages\/1325\/revisions"}],"wp:attachment":[{"href":"https:\/\/technosim.ind.br\/loja\/wp-json\/wp\/v2\/media?parent=1325"}],"curies":[{"name":"wp","href":"https:\/\/api.w.org\/{rel}","templated":true}]}}