{"id":4422,"date":"2024-07-18T18:09:24","date_gmt":"2024-07-18T21:09:24","guid":{"rendered":"https:\/\/technosim.ind.br\/loja\/produto\/filamento-pla-azul-escuro-175-mm\/"},"modified":"2024-07-23T14:02:17","modified_gmt":"2024-07-23T17:02:17","slug":"filamento-pla-azul-escuro-175-mm","status":"publish","type":"product","link":"https:\/\/technosim.ind.br\/loja\/filamento-pla-azul-escuro-175-mm\/","title":{"rendered":"FILAMENTO PLA+  AZUL ESCURO 1,75 mm"},"content":{"rendered":"<p>O filamento PLA+ \u00e9 um material ecol\u00f3gico, f\u00e1cil de imprimir e com superf\u00edcie lisa. Ele possui um bom equil\u00edbrio entre resist\u00eancia, rigidez e tenacidade, al\u00e9m de alta resist\u00eancia ao impacto. Por isso, o PLA+ \u00e9 considerado adequado para a impress\u00e3o de pe\u00e7as funcionais. O PLA+ da eSUN \u00e9 aprovado pela FDA, tornando-o mais seguro para uso. O PLA+ pode ser utilizado para modelagem e prototipagem r\u00e1pida.<\/p>\n","protected":false},"excerpt":{"rendered":"<p>O filamento PLA+ \u00e9 um material ecol\u00f3gico, f\u00e1cil de imprimir e com superf\u00edcie lisa.\u00a0<\/p>\n<h2 data-sourcepos=\"7:1-7:18\" class=\"\">Caracter\u00edsticas<\/h2>\n<ul data-sourcepos=\"9:1-14:21\">\n<li data-sourcepos=\"9:1-9:16\">Boa tenacidade<\/li>\n<li data-sourcepos=\"10:1-10:29\">Alta resist\u00eancia ao impacto<\/li>\n<li data-sourcepos=\"11:1-11:30\">Impress\u00e3o em alta velocidade<\/li>\n<li data-sourcepos=\"12:1-12:34\">Superf\u00edcie lisa ap\u00f3s a impress\u00e3o<\/li>\n<li data-sourcepos=\"13:1-13:19\">F\u00e1cil de imprimir<\/li>\n<li data-sourcepos=\"14:1-14:21\">Resistente a quebra<\/li>\n<\/ul>\n","protected":false},"featured_media":4415,"template":"","meta":[],"product_brand":[],"product_cat":[144],"product_tag":[],"class_list":{"0":"post-4422","1":"product","2":"type-product","3":"status-publish","4":"has-post-thumbnail","6":"product_cat-filamentos","8":"first","9":"instock","10":"featured","11":"shipping-taxable","12":"purchasable","13":"product-type-simple"},"_links":{"self":[{"href":"https:\/\/technosim.ind.br\/loja\/wp-json\/wp\/v2\/product\/4422","targetHints":{"allow":["GET"]}}],"collection":[{"href":"https:\/\/technosim.ind.br\/loja\/wp-json\/wp\/v2\/product"}],"about":[{"href":"https:\/\/technosim.ind.br\/loja\/wp-json\/wp\/v2\/types\/product"}],"wp:featuredmedia":[{"embeddable":true,"href":"https:\/\/technosim.ind.br\/loja\/wp-json\/wp\/v2\/media\/4415"}],"wp:attachment":[{"href":"https:\/\/technosim.ind.br\/loja\/wp-json\/wp\/v2\/media?parent=4422"}],"wp:term":[{"taxonomy":"product_brand","embeddable":true,"href":"https:\/\/technosim.ind.br\/loja\/wp-json\/wp\/v2\/product_brand?post=4422"},{"taxonomy":"product_cat","embeddable":true,"href":"https:\/\/technosim.ind.br\/loja\/wp-json\/wp\/v2\/product_cat?post=4422"},{"taxonomy":"product_tag","embeddable":true,"href":"https:\/\/technosim.ind.br\/loja\/wp-json\/wp\/v2\/product_tag?post=4422"}],"curies":[{"name":"wp","href":"https:\/\/api.w.org\/{rel}","templated":true}]}}