{"id":4479,"date":"2024-07-23T11:33:01","date_gmt":"2024-07-23T14:33:01","guid":{"rendered":"https:\/\/technosim.ind.br\/loja\/produto\/filamento-epla-fosco-branco-leite-175-mm\/"},"modified":"2024-09-27T17:19:20","modified_gmt":"2024-09-27T20:19:20","slug":"filamento-epla-fosco-branco-leite-175-mm","status":"publish","type":"product","link":"https:\/\/technosim.ind.br\/loja\/filamento-epla-fosco-branco-leite-175-mm\/","title":{"rendered":"FILAMENTO ePLA FOSCO  BRANCO LEITE 1,75 mm"},"content":{"rendered":"<div class=\"flex max-w-full flex-col flex-grow\">\n<div class=\"min-h-8 text-message flex w-full flex-col items-end gap-2 whitespace-normal break-words [.text-message+&amp;]:mt-5\" dir=\"auto\" data-message-author-role=\"user\" data-message-id=\"aaa2301f-1bc1-4b55-917d-4e8507ab2ba9\">\n<div class=\"flex w-full flex-col gap-1 empty:hidden items-end rtl:items-start\">\n<div class=\"relative max-w-[70%] rounded-3xl px-5 py-2.5 bg-[#f4f4f4] dark:bg-token-main-surface-secondary\">\n<div class=\"whitespace-pre-wrap\">\n<div class=\"flex max-w-full flex-col flex-grow\">\n<div class=\"min-h-8 text-message flex w-full flex-col items-end gap-2 whitespace-normal break-words [.text-message+&amp;]:mt-5\" dir=\"auto\" data-message-author-role=\"assistant\" data-message-id=\"8de5c7b8-82c8-4975-b936-759596892783\">\n<div class=\"flex w-full flex-col gap-1 empty:hidden first:pt-[3px]\">\n<div class=\"markdown prose w-full break-words dark:prose-invert light\">\n<h3><strong>Transforme suas Cria\u00e7\u00f5es com o FILAMENTO ePLA FOSCO BRANCO LEITE<\/strong><\/h3>\n<p>Se voc\u00ea est\u00e1 procurando um filamento que combine qualidade, sustentabilidade e um acabamento impec\u00e1vel, o FILAMENTO ePLA FOSCO BRANCO LEITE 1,75 mm \u00e9 a escolha ideal para suas impress\u00f5es 3D. Este filamento \u00e9 a escolha certa para quem busca elevar o n\u00edvel de seus projetos, oferecendo uma impress\u00e3o suave, de alta qualidade e com um impacto ambiental reduzido.<\/p>\n<h4>Acabamento Impec\u00e1vel e Sustentabilidade em um S\u00f3 Produto<\/h4>\n<p>O FILAMENTO ePLA FOSCO BRANCO LEITE \u00e9 mais do que apenas um filamento comum; \u00e9 uma solu\u00e7\u00e3o completa para criadores que se preocupam com a qualidade e o meio ambiente. Com uma superf\u00edcie fosca delicada, este filamento \u00e9 perfeito para quem deseja impress\u00f5es sem linhas de camada vis\u00edveis, garantindo um acabamento premium e profissional. Al\u00e9m disso, o filamento n\u00e3o emite odor durante a impress\u00e3o, tornando o processo mais agrad\u00e1vel e seguro.<\/p>\n<p>A sustentabilidade tamb\u00e9m \u00e9 uma prioridade com o FILAMENTO ePLA FOSCO BRANCO LEITE. A bobina \u00e9 produzida reutilizando res\u00edduos de inje\u00e7\u00e3o de PETG, ABS, PLA e outros res\u00edduos industriais, e a embalagem externa \u00e9 feita de papel recicl\u00e1vel. Com isso, voc\u00ea pode tornar suas cria\u00e7\u00f5es mais sustent\u00e1veis, sem abrir m\u00e3o da qualidade.<\/p>\n<h4>Durabilidade e Imprimibilidade Excepcionais<\/h4>\n<p>Uma das grandes vantagens do FILAMENTO ePLA FOSCO BRANCO LEITE \u00e9 sua durabilidade. Diferente de outros filamentos, ele n\u00e3o quebra facilmente, garantindo uma impress\u00e3o suave e cont\u00ednua por longos per\u00edodos, sem entupimentos. Esse \u00e9 o tipo de seguran\u00e7a que voc\u00ea precisa para se concentrar no que realmente importa: suas cria\u00e7\u00f5es.<\/p>\n<p>Al\u00e9m disso, sua baixa densidade faz com que este filamento seja 21% mais leve do que outros modelos de PLA foscos, o que pode ser um diferencial importante para quem busca efici\u00eancia e custo-benef\u00edcio. Com excelente imprimibilidade e f\u00e1cil remo\u00e7\u00e3o dos suportes, este filamento \u00e9 ideal para impress\u00f5es de alta velocidade, desde modelos conceituais iniciais at\u00e9 prototipagem r\u00e1pida.<\/p>\n<h4>Caracter\u00edsticas que Fazem a Diferen\u00e7a<\/h4>\n<ul>\n<li><strong>Ecol\u00f3gico:<\/strong> Contribua para um mundo melhor com um filamento feito de materiais reciclados.<\/li>\n<li><strong>Custo-benef\u00edcio:<\/strong> Um produto leve, dur\u00e1vel e eficiente, ideal para impress\u00f5es de alta velocidade.<\/li>\n<li><strong>Impress\u00e3o de alta velocidade:<\/strong> Projetado para quem n\u00e3o quer perder tempo, sem sacrificar a qualidade.<\/li>\n<li><strong>F\u00e1cil remo\u00e7\u00e3o dos suportes:<\/strong> Agilize seu processo de p\u00f3s-produ\u00e7\u00e3o com suportes que saem facilmente.<\/li>\n<li><strong>Dif\u00edcil de quebrar:<\/strong> Mais durabilidade e menos frustra\u00e7\u00e3o durante suas impress\u00f5es.<\/li>\n<li><strong>Efeito de superf\u00edcie fosca:<\/strong> Acabamento profissional sem linhas de camada.<\/li>\n<li><strong>Baixa densidade:<\/strong> Impress\u00f5es 21% mais leves, proporcionando economia de material e tempo.<\/li>\n<\/ul>\n<p>Com o FILAMENTO ePLA FOSCO BRANCO LEITE 1,75 mm, voc\u00ea tem em m\u00e3os o que h\u00e1 de melhor para suas impress\u00f5es 3D<a href=\"https:\/\/technosim.ind.br\/loja\/\" target=\"_blank\" rel=\"noopener\">.<\/a> N\u00e3o perca a oportunidade de transformar seus projetos e contribuir para um mundo mais sustent\u00e1vel<a href=\"https:\/\/www.youtube.com\/watch?v=bFS85tluCaA\" target=\"_blank\" rel=\"noopener nofollow\">.<\/a> Adquira o seu agora e leve suas cria\u00e7\u00f5es para o pr\u00f3ximo n\u00edvel!<\/p>\n<\/div>\n<\/div>\n<\/div>\n<\/div>\n<\/div>\n<\/div>\n<\/div>\n<\/div>\n<\/div>\n","protected":false},"excerpt":{"rendered":"<p>O filamento PLA fosco n\u00e3o emite odor durante a impress\u00e3o, sendo seguro e ecol\u00f3gico.<\/p>\n<h2 class=\"\" data-sourcepos=\"7:1-7:18\">Caracter\u00edsticas<\/h2>\n<ul data-sourcepos=\"9:1-14:21\">\n<li data-sourcepos=\"9:1-9:16\">Boa tenacidade<\/li>\n<li data-sourcepos=\"10:1-10:29\">Alta resist\u00eancia ao impacto<\/li>\n<li data-sourcepos=\"11:1-11:30\">Impress\u00e3o em alta velocidade<\/li>\n<li data-sourcepos=\"12:1-12:34\">Superf\u00edcie lisa ap\u00f3s a impress\u00e3o<\/li>\n<li data-sourcepos=\"13:1-13:19\">F\u00e1cil de imprimir<\/li>\n<li data-sourcepos=\"14:1-14:21\">Resistente a quebra<\/li>\n<\/ul>\n","protected":false},"featured_media":4476,"template":"","meta":[],"product_brand":[],"product_cat":[144],"product_tag":[],"class_list":{"0":"post-4479","1":"product","2":"type-product","3":"status-publish","4":"has-post-thumbnail","6":"product_cat-filamentos","8":"first","9":"instock","10":"shipping-taxable","11":"purchasable","12":"product-type-simple"},"_links":{"self":[{"href":"https:\/\/technosim.ind.br\/loja\/wp-json\/wp\/v2\/product\/4479","targetHints":{"allow":["GET"]}}],"collection":[{"href":"https:\/\/technosim.ind.br\/loja\/wp-json\/wp\/v2\/product"}],"about":[{"href":"https:\/\/technosim.ind.br\/loja\/wp-json\/wp\/v2\/types\/product"}],"wp:featuredmedia":[{"embeddable":true,"href":"https:\/\/technosim.ind.br\/loja\/wp-json\/wp\/v2\/media\/4476"}],"wp:attachment":[{"href":"https:\/\/technosim.ind.br\/loja\/wp-json\/wp\/v2\/media?parent=4479"}],"wp:term":[{"taxonomy":"product_brand","embeddable":true,"href":"https:\/\/technosim.ind.br\/loja\/wp-json\/wp\/v2\/product_brand?post=4479"},{"taxonomy":"product_cat","embeddable":true,"href":"https:\/\/technosim.ind.br\/loja\/wp-json\/wp\/v2\/product_cat?post=4479"},{"taxonomy":"product_tag","embeddable":true,"href":"https:\/\/technosim.ind.br\/loja\/wp-json\/wp\/v2\/product_tag?post=4479"}],"curies":[{"name":"wp","href":"https:\/\/api.w.org\/{rel}","templated":true}]}}